{"id":4748,"date":"2026-04-20T00:31:23","date_gmt":"2026-04-20T03:31:23","guid":{"rendered":"https:\/\/aovolante.tv.br\/?page_id=4748"},"modified":"2026-04-20T00:33:36","modified_gmt":"2026-04-20T03:33:36","slug":"colunista","status":"publish","type":"page","link":"https:\/\/aovolante.tv.br\/?page_id=4748","title":{"rendered":"Colunista"},"content":{"rendered":"\t\t<div data-elementor-type=\"wp-page\" data-elementor-id=\"4748\" class=\"elementor elementor-4748\" data-elementor-post-type=\"page\">\n\t\t\t\t\t\t<section class=\"penci-section penci-disSticky penci-structure-10 elementor-section elementor-top-section elementor-element elementor-element-21e462e elementor-section-content-top elementor-section-boxed elementor-section-height-default elementor-section-height-default\" data-id=\"21e462e\" data-element_type=\"section\" data-e-type=\"section\">\n\t\t\t\t\t\t<div class=\"elementor-container elementor-column-gap-no\">\n\t\t\t\t\t<div class=\"penci-ercol-100 penci-ercol-order-1 penci-sticky-ct    elementor-column elementor-col-100 elementor-top-column elementor-element elementor-element-dbdd5b3\" data-id=\"dbdd5b3\" data-element_type=\"column\" data-e-type=\"column\">\n\t\t\t<div class=\"elementor-widget-wrap elementor-element-populated\">\n\t\t\t\t\t\t<div class=\"elementor-element elementor-element-9197357 elementor-widget elementor-widget-image\" data-id=\"9197357\" data-element_type=\"widget\" data-e-type=\"widget\" data-widget_type=\"image.default\">\n\t\t\t\t\t\t\t\t\t\t\t\t\t\t\t<img fetchpriority=\"high\" decoding=\"async\" width=\"1024\" height=\"207\" src=\"https:\/\/aovolante.tv.br\/wp-content\/uploads\/2026\/04\/Colunistas-jul2025-1024x207.jpg\" class=\"attachment-large size-large wp-image-4717\" alt=\"\" srcset=\"https:\/\/aovolante.tv.br\/wp-content\/uploads\/2026\/04\/Colunistas-jul2025-1024x207.jpg 1024w, https:\/\/aovolante.tv.br\/wp-content\/uploads\/2026\/04\/Colunistas-jul2025-300x61.jpg 300w, https:\/\/aovolante.tv.br\/wp-content\/uploads\/2026\/04\/Colunistas-jul2025-768x155.jpg 768w, https:\/\/aovolante.tv.br\/wp-content\/uploads\/2026\/04\/Colunistas-jul2025-1536x311.jpg 1536w, https:\/\/aovolante.tv.br\/wp-content\/uploads\/2026\/04\/Colunistas-jul2025-2048x414.jpg 2048w, https:\/\/aovolante.tv.br\/wp-content\/uploads\/2026\/04\/Colunistas-jul2025-1920x388.jpg 1920w, https:\/\/aovolante.tv.br\/wp-content\/uploads\/2026\/04\/Colunistas-jul2025-1170x237.jpg 1170w, https:\/\/aovolante.tv.br\/wp-content\/uploads\/2026\/04\/Colunistas-jul2025-585x118.jpg 585w\" sizes=\"(max-width: 1024px) 100vw, 1024px\" \/>\t\t\t\t\t\t\t\t\t\t\t\t\t\t\t<\/div>\n\t\t\t\t\t<\/div>\n\t\t<\/div>\n\t\t\t\t\t<\/div>\n\t\t<\/section>\n\t\t\t\t<section class=\"penci-section penci-disSticky penci-structure-10 elementor-section elementor-top-section elementor-element elementor-element-65af854 elementor-section-content-top elementor-section-boxed elementor-section-height-default elementor-section-height-default\" data-id=\"65af854\" data-element_type=\"section\" data-e-type=\"section\">\n\t\t\t\t\t\t<div class=\"elementor-container elementor-column-gap-no\">\n\t\t\t\t\t<div class=\"penci-ercol-100 penci-ercol-order-1 penci-sticky-ct    elementor-column elementor-col-100 elementor-top-column elementor-element elementor-element-ce53cd4\" data-id=\"ce53cd4\" data-element_type=\"column\" data-e-type=\"column\">\n\t\t\t<div class=\"elementor-widget-wrap elementor-element-populated\">\n\t\t\t\t\t\t<div class=\"elementor-element elementor-element-1b0d496 elementor-widget elementor-widget-penci-featured-cat\" data-id=\"1b0d496\" data-element_type=\"widget\" data-e-type=\"widget\" data-settings=\"{&quot;_animation_mobile&quot;:&quot;none&quot;}\" data-widget_type=\"penci-featured-cat.default\">\n\t\t\t\t<div class=\"elementor-widget-container\">\n\t\t\t\t\t            <div id=\"pencifeatured_cat_77059\" class=\"penci-featured-cat-sc\">\n\t\t\t\t                    <section class=\"home-featured-cat mag-cat-style-13\">\n\t\t\t\t\t\t\t\t\t\t\t\t                            <div class=\"penci-border-arrow penci-homepage-title penci-magazine-title style-14 pcalign-left pciconp-right pcicon-right\">\n                                <h3 class=\"inner-arrow\">\n                                    <span>\n\t\t\t\t\t\t\t\t\t<span>Recentes<\/span>                                    <\/span>\n                                <\/h3>\n\t\t\t\t\t\t\t\t                            <\/div>\n\t\t\t\t\t\t                        <div class=\"home-featured-cat-wrapper\">\n                            <div class=\"home-featured-cat-content pwf-id-default style-13\">\n\t\t\t\t\t\t\t\t\t\t\t\t\t\t\t\t\t\t\t\t\t\t\t\t\t\t\t\t\t\t\t                                                    <ul class=\"penci-grid penci-grid-maglayout penci-fea-cat-style-13\">\n\t\t\t\t\t\t\t\t\t\t\t\t\t\t\t\t\t\t\t\t\t\t\t\t\t\t\t\t<li class=\"grid-style\">\n    <article id=\"post-4729\" class=\"item hentry\">\n\t\t            <div class=\"thumbnail\">\n\t\t\t\t\n\t\t\t\t                    <a class=\"penci-image-holder penci-lazy\"\n                       data-bgset=\"https:\/\/aovolante.tv.br\/wp-content\/uploads\/2026\/04\/01-585x390.jpg\"\n                       href=\"https:\/\/aovolante.tv.br\/?p=4729\"\n                       title=\"A 1\u00aa em Interlagos\">\n                    <\/a>\n\t\t\t\t\n\t\t\t\t\t\t\t\t\t\t\t\t\t\t\t\t\t\t\t\t\t\t\t\t\t\t\t\t            <\/div>\n\t\t\n        <div class=\"grid-header-box\">\n            <h2 class=\"grid-title entry-title\"><a\n                        href=\"https:\/\/aovolante.tv.br\/?p=4729\">A 1\u00aa em Interlagos<\/a>\n            <\/h2>\n\t\t\t\t\t\t                <div class=\"grid-post-box-meta\">\n\t\t\t\t\t                        <span class=\"featc-author author-italic author vcard\">por                                 <a class=\"author-url url fn n\"\n                                   href=\"https:\/\/aovolante.tv.br\/?author=37\">Everton Rupel<\/a>\n\t                        <\/span>\n\t\t\t\t\t\t\t\t\t\t                        <span class=\"featc-date\"><time class=\"entry-date published\" datetime=\"2026-04-19T19:26:37-03:00\">19\/04\/2026<\/time><\/span>\n\t\t\t\t\t\t\t\t\t\t\t\t\t\t\t\t\t\t\t\t\t                \t\t\t\t\t                <\/div>\n\t\t\t\t\t\t\t\t<div class=\"penci-hide-tagupdated\">\n\t\t\t<span class=\"author-italic author vcard\">por \t\t\t\t\t\t\t\t\t\t<a class=\"author-url url fn n\"\n\t\t\t\t\t\t\t\t\t\t\thref=\"https:\/\/aovolante.tv.br\/?author=37\">Everton Rupel<\/a>\n\t\t\t\t\t\t\t\t\t<\/span>\n\t\t\t<time class=\"entry-date published\" datetime=\"2026-04-19T19:26:37-03:00\">19\/04\/2026<\/time>\t\t<\/div>\n\t\t\t        <\/div>\n\n    <\/article>\n<\/li>\n\t\t\t\t\t\t\t\t\t\t\t\t\t\t                                                    <\/ul>\n\t\t\t\t\t\t\t\t\t\t\t\t\t\t\t\t\t\t\t\t\t\t\t\t\t\t\t\t\t\t\t\t\t\t\t                            <\/div>\n\t\t\t\t\t\t\t\t\t\t\t\t\t\t\t\t\t\t\t\t\t\t\n\t\t\t\t\t\t\t\n                        <\/div>\n\n\t\t\t\t\t\t                <\/section>\n\t\t\t\n            <\/div><!-- penci-featured-cat-sc -->\n\t\t\t            <style>\n                            <\/style>\n\t\t\t\t\t\t\t<\/div>\n\t\t\t\t<\/div>\n\t\t\t\t\t<\/div>\n\t\t<\/div>\n\t\t\t\t\t<\/div>\n\t\t<\/section>\n\t\t<div class=\"elementor-element elementor-element-a69ed94 e-flex e-con-boxed e-con e-parent\" data-id=\"a69ed94\" data-element_type=\"container\" data-e-type=\"container\">\n\t\t\t\t\t<div class=\"e-con-inner\">\n\t\t\t\t<div class=\"elementor-element elementor-element-bc548dc elementor-widget elementor-widget-penci-small-list\" data-id=\"bc548dc\" data-element_type=\"widget\" data-e-type=\"widget\" data-widget_type=\"penci-small-list.default\">\n\t\t\t\t<div class=\"elementor-widget-container\">\n\t\t\t\t\t<script>if( typeof(penciBlock) === \"undefined\" ) {function penciBlock() { this.atts_json = ''; this.content = ''; }}var penciBlocksArray = penciBlocksArray || [];var PENCILOCALCACHE = PENCILOCALCACHE || {};var pcblock_3666 = new penciBlock();pcblock_3666.blockID=\"pcblock_3666\";pcblock_3666.atts_json = '{\"type\":\"grid\",\"dformat\":\"\",\"date_pos\":\"left\",\"column\":\"1\",\"tab_column\":\"\",\"mb_column\":\"\",\"imgpos\":\"left\",\"thumb_size\":\"\",\"mthumb_size\":\"\",\"post_meta\":[\"title\",\"author\",\"date\"],\"primary_cat\":\"\",\"title_length\":\"\",\"excerpt_pos\":\"below\",\"rmstyle\":\"filled\",\"excerpt_length\":15,\"nocrop\":\"\",\"hide_cat_mobile\":\"\",\"hide_meta_mobile\":\"\",\"hide_excerpt_mobile\":\"\",\"hide_rm_mobile\":\"\",\"imgtop_mobile\":\"\",\"ver_border\":\"\",\"hide_thumb\":\"yes\",\"show_reviewpie\":\"\",\"show_formaticon\":\"\",\"disable_lazy\":\"\",\"show_excerpt\":\"\",\"show_readmore\":\"\",\"query\":{\"orderby\":\"date\",\"order\":\"desc\",\"ignore_sticky_posts\":1,\"post_status\":\"publish\",\"post__not_in\":[],\"post_type\":\"post\",\"posts_per_page\":50,\"tax_query\":[{\"taxonomy\":\"category\",\"field\":\"term_id\",\"terms\":[\"72\"]}],\"paged\":1},\"category_ids\":\"\",\"taxonomy\":\"\"}';penciBlocksArray.push(pcblock_3666);<\/script>        <div class=\"penci-wrapper-smalllist\">\n\t\t\t    <div class=\"penci-border-arrow penci-homepage-title penci-home-latest-posts style-14 pcalign-left pciconp-right pcicon-right block-title-icon-left\">\n        <h3 class=\"inner-arrow\">\n        <span>\n                    <span>ARQUIVO<\/a>                <\/span>\n        <\/h3>\n\t\t        <\/div>\n\t\t\t\t\t            <div class=\"penci-smalllist-wrapper\">\n\t\t\t\t                    <div class=\"penci-smalllist pcsl-wrapper pwsl-id-default\">\n                        <div class=\"pcsl-inner penci-clearfix pcsl-grid pcsl-imgpos-left pcsl-col-1 pcsl-tabcol-2 pcsl-mobcol-1\">\n\t\t\t\t\t\t\t\t\t\t\t\t\t\t\t\t\t\t\t\t\t\t\t\t                                    <div class=\"pcsl-item pcsl-nothumb\">\n                                        <div class=\"pcsl-itemin\">\n                                            <div class=\"pcsl-iteminer\">\n\t\t\t\t\t\t\t\t\t\t\t\t\n\t\t\t\t\t\t\t\t\t\t\t\t                                                <div class=\"pcsl-content\">\n\t\t\t\t\t\t\t\t\t\t\t\t\t\n\t\t\t\t\t\t\t\t\t\t\t\t\t                                                        <div class=\"pcsl-title\">\n                                                            <a href=\"https:\/\/aovolante.tv.br\/?p=4729\">A 1\u00aa em Interlagos<\/a>\n                                                        <\/div>\n\t\t\t\t\t\t\t\t\t\t\t\t\t\n\t\t\t\t\t\t\t\t\t\t\t\t\t                                                        <div class=\"grid-post-box-meta pcsl-meta\">\n\t\t\t\t\t\t\t\t\t\t\t\t\t\t\t                                                                <span class=\"sl-date-author author-italic\">\n\t\t\t\t\t\t\t\t\t\t\t\t\tpor                                                                         <a class=\"author-url url fn n\"\n                                                                           href=\"https:\/\/aovolante.tv.br\/?author=37\">Everton Rupel<\/a>\n\t\t\t\t\t\t\t\t\t\t\t\t\t\t\t\t\t\t\t\t\t\t\t\t\t\t\t\t\t\t<\/span>\n\t\t\t\t\t\t\t\t\t\t\t\t\t\t\t\t\t\t\t\t\t\t\t\t\t\t\t\t\t\t                                                                <span class=\"sl-date\"><time class=\"entry-date published\" datetime=\"2026-04-19T19:26:37-03:00\">19\/04\/2026<\/time><\/span>\n\t\t\t\t\t\t\t\t\t\t\t\t\t\t\t\t\t\t\t\t\t\t\t\t\t\t\t\t\t\t\t\t\t\t\t\t\t\t\t\t\t\t\t\t\t\t\t\t\t\t\t\t\t\t\t\t\t\t\t\t\t\t\t\t\t\t\t\t\t\t\t\t\t\t\t\t\t\t\t\t\t\t\t\t\t\t\t\t\t\t                                                        <\/div>\n\t\t\t\t\t\t\t\t\t\t\t\t\t\n\t\t\t\t\t\t\t\t\t\t\t\t\t\t\t\t\t\t\t\t\t\t\t\t\t\t\n                                                <\/div>\n\n\t\t\t\t\t\t\t\t\t\t\t\t                                            <\/div>\n                                        <\/div>\n                                    <\/div>\n                                \t\t\t\t\t\t\t\t\t\t\t\t\t\t\t\t                        <\/div>\n\n\t\t\t\t\t\t\n                    <\/div>\n\t\t\t\t\t            <\/div>\n        <\/div>\n\t\t\t\t\t\t<\/div>\n\t\t\t\t<\/div>\n\t\t\t\t\t<\/div>\n\t\t\t\t<\/div>\n\t\t\t\t<section class=\"penci-section penci-dmcheck penci-elbg-activate penci-elbg-img penci-disSticky penci-structure-30 elementor-section elementor-top-section elementor-element elementor-element-6d86146b elementor-section-boxed elementor-section-height-default elementor-section-height-default\" data-id=\"6d86146b\" data-element_type=\"section\" data-e-type=\"section\" data-settings=\"{&quot;background_background&quot;:&quot;classic&quot;}\">\n\t\t\t\t\t\t\t<div class=\"elementor-background-overlay\"><\/div>\n\t\t\t\t\t\t\t<div class=\"elementor-container elementor-column-gap-extended\">\n\t\t\t\t\t<div class=\"penci-ercol-33 penci-ercol-order-1 penci-sticky-sb penci-sidebarSC   elementor-column elementor-col-33 elementor-top-column elementor-element elementor-element-78066aa5\" data-id=\"78066aa5\" data-element_type=\"column\" data-e-type=\"column\">\n\t\t\t<div class=\"elementor-widget-wrap elementor-element-populated\">\n\t\t\t\t\t\t<div class=\"elementor-element elementor-element-1eeb92ec elementor-widget elementor-widget-penci-fancy_heading\" data-id=\"1eeb92ec\" data-element_type=\"widget\" data-e-type=\"widget\" data-settings=\"{&quot;_animation&quot;:&quot;none&quot;}\" data-widget_type=\"penci-fancy_heading.default\">\n\t\t\t\t<div class=\"elementor-widget-container\">\n\t\t\t\t\t\t\t<div class=\"penci-fancy-heading penci-heading-text-left\">\n\t\t\t<div class=\"penci-fancy-heading-inner\">\n\t\t\t\t<div class=\"penci-heading-subtitle\">Contato<\/div><h5 class=\"penci-heading-title\"><span class=\"inner-tit\">D\u00favidas, cr\u00edticas, sugest\u00f5es, elogio, informa\u00e7\u00f5es, propostas comerciais e novos projetos:<\/span><\/h5><div class=\"penci-heading-content entry-content\"><p>contato@aovolante.tv.br<\/p>\n<\/div>\t\t\t<\/div>\n\t\t<\/div>\n\t\t\t\t\t\t<\/div>\n\t\t\t\t<\/div>\n\t\t\t\t<div class=\"elementor-element elementor-element-5a3ad73b elementor-shape-square e-grid-align-left elementor-grid-0 elementor-widget elementor-widget-social-icons\" data-id=\"5a3ad73b\" data-element_type=\"widget\" data-e-type=\"widget\" data-widget_type=\"social-icons.default\">\n\t\t\t\t\t\t\t<div class=\"elementor-social-icons-wrapper elementor-grid\" role=\"list\">\n\t\t\t\t\t\t\t<span class=\"elementor-grid-item\" role=\"listitem\">\n\t\t\t\t\t<a class=\"elementor-icon elementor-social-icon elementor-social-icon-facebook elementor-repeater-item-32a2b43\" href=\"https:\/\/www.facebook.com\/aovolantetvbr\" target=\"_blank\">\n\t\t\t\t\t\t<span class=\"elementor-screen-only\">Facebook<\/span>\n\t\t\t\t\t\t<i aria-hidden=\"true\" class=\"fab fa-facebook\"><\/i>\t\t\t\t\t<\/a>\n\t\t\t\t<\/span>\n\t\t\t\t\t\t\t<span class=\"elementor-grid-item\" role=\"listitem\">\n\t\t\t\t\t<a class=\"elementor-icon elementor-social-icon elementor-social-icon-youtube elementor-repeater-item-e9f219a\" href=\"https:\/\/www.youtube.com\/@programaaovolante\" target=\"_blank\">\n\t\t\t\t\t\t<span class=\"elementor-screen-only\">Youtube<\/span>\n\t\t\t\t\t\t<i aria-hidden=\"true\" class=\"fab fa-youtube\"><\/i>\t\t\t\t\t<\/a>\n\t\t\t\t<\/span>\n\t\t\t\t\t\t\t<span class=\"elementor-grid-item\" role=\"listitem\">\n\t\t\t\t\t<a class=\"elementor-icon elementor-social-icon elementor-social-icon-instagram elementor-repeater-item-2315cbb\" href=\"https:\/\/www.instagram.com\/aovolantetvbr\/?hl=pt-br\" target=\"_blank\">\n\t\t\t\t\t\t<span class=\"elementor-screen-only\">Instagram<\/span>\n\t\t\t\t\t\t<i aria-hidden=\"true\" class=\"fab fa-instagram\"><\/i>\t\t\t\t\t<\/a>\n\t\t\t\t<\/span>\n\t\t\t\t\t<\/div>\n\t\t\t\t\t\t<\/div>\n\t\t\t\t\t<\/div>\n\t\t<\/div>\n\t\t\t\t<div class=\"penci-ercol-33 penci-ercol-order-2 penci-sticky-sb penci-sidebarSC   elementor-column elementor-col-33 elementor-top-column elementor-element elementor-element-2a83fa96\" data-id=\"2a83fa96\" data-element_type=\"column\" data-e-type=\"column\">\n\t\t\t<div class=\"elementor-widget-wrap\">\n\t\t\t\t\t\t\t<\/div>\n\t\t<\/div>\n\t\t\t\t<div class=\"penci-ercol-33 penci-ercol-order-3 penci-sticky-sb penci-sidebarSC   elementor-column elementor-col-33 elementor-top-column elementor-element elementor-element-48a97e37\" data-id=\"48a97e37\" data-element_type=\"column\" data-e-type=\"column\">\n\t\t\t<div class=\"elementor-widget-wrap elementor-element-populated\">\n\t\t\t\t\t\t<div class=\"elementor-element elementor-element-44b87e16 elementor-widget elementor-widget-image\" data-id=\"44b87e16\" data-element_type=\"widget\" data-e-type=\"widget\" data-widget_type=\"image.default\">\n\t\t\t\t\t\t\t\t\t\t\t\t\t\t\t<img decoding=\"async\" width=\"1013\" height=\"911\" src=\"https:\/\/aovolante.tv.br\/wp-content\/uploads\/2025\/11\/AV-Site-rodape.png\" class=\"attachment-large size-large wp-image-1015\" alt=\"\" srcset=\"https:\/\/aovolante.tv.br\/wp-content\/uploads\/2025\/11\/AV-Site-rodape.png 1013w, https:\/\/aovolante.tv.br\/wp-content\/uploads\/2025\/11\/AV-Site-rodape-300x270.png 300w, https:\/\/aovolante.tv.br\/wp-content\/uploads\/2025\/11\/AV-Site-rodape-768x691.png 768w, https:\/\/aovolante.tv.br\/wp-content\/uploads\/2025\/11\/AV-Site-rodape-585x526.png 585w\" sizes=\"(max-width: 1013px) 100vw, 1013px\" \/>\t\t\t\t\t\t\t\t\t\t\t\t\t\t\t<\/div>\n\t\t\t\t\t<\/div>\n\t\t<\/div>\n\t\t\t\t\t<\/div>\n\t\t<\/section>\n\t\t\t\t<\/div>\n\t\t","protected":false},"excerpt":{"rendered":"<p>Recentes A 1\u00aa em Interlagos por Everton Rupel 19\/04\/2026 por Everton Rupel 19\/04\/2026 ARQUIVO A 1\u00aa em Interlagos por Everton Rupel 19\/04\/2026 Contato D\u00favidas, cr\u00edticas, sugest\u00f5es, elogio, informa\u00e7\u00f5es, propostas comerciais&hellip;<\/p>\n","protected":false},"author":1,"featured_media":0,"parent":0,"menu_order":0,"comment_status":"closed","ping_status":"closed","template":"","meta":{"content-type":"","_lmt_disableupdate":"","_lmt_disable":"","footnotes":""},"class_list":["post-4748","page","type-page","status-publish","hentry"],"_links":{"self":[{"href":"https:\/\/aovolante.tv.br\/index.php?rest_route=\/wp\/v2\/pages\/4748","targetHints":{"allow":["GET"]}}],"collection":[{"href":"https:\/\/aovolante.tv.br\/index.php?rest_route=\/wp\/v2\/pages"}],"about":[{"href":"https:\/\/aovolante.tv.br\/index.php?rest_route=\/wp\/v2\/types\/page"}],"author":[{"embeddable":true,"href":"https:\/\/aovolante.tv.br\/index.php?rest_route=\/wp\/v2\/users\/1"}],"replies":[{"embeddable":true,"href":"https:\/\/aovolante.tv.br\/index.php?rest_route=%2Fwp%2Fv2%2Fcomments&post=4748"}],"version-history":[{"count":4,"href":"https:\/\/aovolante.tv.br\/index.php?rest_route=\/wp\/v2\/pages\/4748\/revisions"}],"predecessor-version":[{"id":4752,"href":"https:\/\/aovolante.tv.br\/index.php?rest_route=\/wp\/v2\/pages\/4748\/revisions\/4752"}],"wp:attachment":[{"href":"https:\/\/aovolante.tv.br\/index.php?rest_route=%2Fwp%2Fv2%2Fmedia&parent=4748"}],"curies":[{"name":"wp","href":"https:\/\/api.w.org\/{rel}","templated":true}]}}